{"id":50,"date":"2013-12-27T13:27:52","date_gmt":"2013-12-27T11:27:52","guid":{"rendered":"http:\/\/www.biosmart.ch\/de\/?page_id=50"},"modified":"2014-03-31T15:30:06","modified_gmt":"2014-03-31T13:30:06","slug":"allergen","status":"publish","type":"page","link":"https:\/\/www.biosmart.ch\/de\/analytik\/allergen\/","title":{"rendered":"Allergene"},"content":{"rendered":"<p>\u00dcberempfindlichkeitsreaktionen gegen\u00fcber gewissen Lebensmitteln sind h\u00e4ufig. Biosmart war das erste Labor in der Schweiz, das die Gluten-Analyse anbot. Seither wurde das Analysen-Spektrum stetig vergr\u00f6ssert.<br \/>\nTechnik:\u00a0 Proteinmethode, ELISA (enzyme-linked immunosorbent assay) und\/oder die DNA-basierte PCR Methode<\/p>\n<p>folgende Allergene werden erfasst:<br \/>\nGluten, Casein, Cashewnuss, Ei, Erdnuss, Haselnuss, Krebstiere, Lupine, Macadamiannuss, Mandel, Paranuss, Pecannuss, Pistazie, Sellerie, Senf, Sesam, Soja, Walnuss,Sch\u00f6nungsmittel in Wein<br \/>\nweitere auf Anfrage<\/p>\n","protected":false},"excerpt":{"rendered":"<p>\u00dcberempfindlichkeitsreaktionen gegen\u00fcber gewissen Lebensmitteln sind h\u00e4ufig. Biosmart war das erste Labor in der Schweiz, das die Gluten-Analyse anbot. Seither wurde das Analysen-Spektrum stetig vergr\u00f6ssert. Technik:\u00a0 Proteinmethode, ELISA (enzyme-linked immunosorbent assay) und\/oder die DNA-basierte PCR Methode folgende Allergene werden erfasst: Gluten, Casein, Cashewnuss, Ei, Erdnuss, Haselnuss, Krebstiere, Lupine, Macadamiannuss, Mandel, Paranuss, Pecannuss, Pistazie, Sellerie, Senf, Sesam, &hellip; <a href=\"https:\/\/www.biosmart.ch\/de\/analytik\/allergen\/\" class=\"more-link\"><span class=\"screen-reader-text\">Allergene<\/span> weiterlesen <span class=\"meta-nav\">&rarr;<\/span><\/a><\/p>\n","protected":false},"author":1,"featured_media":147,"parent":11,"menu_order":1,"comment_status":"closed","ping_status":"open","template":"","meta":[],"_links":{"self":[{"href":"https:\/\/www.biosmart.ch\/de\/wp-json\/wp\/v2\/pages\/50"}],"collection":[{"href":"https:\/\/www.biosmart.ch\/de\/wp-json\/wp\/v2\/pages"}],"about":[{"href":"https:\/\/www.biosmart.ch\/de\/wp-json\/wp\/v2\/types\/page"}],"author":[{"embeddable":true,"href":"https:\/\/www.biosmart.ch\/de\/wp-json\/wp\/v2\/users\/1"}],"replies":[{"embeddable":true,"href":"https:\/\/www.biosmart.ch\/de\/wp-json\/wp\/v2\/comments?post=50"}],"version-history":[{"count":8,"href":"https:\/\/www.biosmart.ch\/de\/wp-json\/wp\/v2\/pages\/50\/revisions"}],"predecessor-version":[{"id":191,"href":"https:\/\/www.biosmart.ch\/de\/wp-json\/wp\/v2\/pages\/50\/revisions\/191"}],"up":[{"embeddable":true,"href":"https:\/\/www.biosmart.ch\/de\/wp-json\/wp\/v2\/pages\/11"}],"wp:featuredmedia":[{"embeddable":true,"href":"https:\/\/www.biosmart.ch\/de\/wp-json\/wp\/v2\/media\/147"}],"wp:attachment":[{"href":"https:\/\/www.biosmart.ch\/de\/wp-json\/wp\/v2\/media?parent=50"}],"curies":[{"name":"wp","href":"https:\/\/api.w.org\/{rel}","templated":true}]}}