{"id":61,"date":"2013-12-27T13:42:11","date_gmt":"2013-12-27T11:42:11","guid":{"rendered":"http:\/\/www.biosmart.ch\/de\/?page_id=61"},"modified":"2014-03-31T15:25:22","modified_gmt":"2014-03-31T13:25:22","slug":"bakterienpilze","status":"publish","type":"page","link":"https:\/\/www.biosmart.ch\/de\/analytik\/bakterienpilze\/","title":{"rendered":"Bakterien\/Pilze"},"content":{"rendered":"<p><strong>BAKTERIEN<\/strong><br \/>\n<span class=\"Apple-style-span\">Bakterien sind Einzeller mit einer einfachen Zell-Organisation. Sie k\u00f6nnen sich schnell replizieren und sind oft omnipr\u00e4sent. Normalerweise werden sie durch die klassische Bakterienkultur-Methode d.h. mit spezifischen Medien typisiert. Diese Tests sind einfach durchzuf\u00fchren und relativ kosteng\u00fcnstig. Je nach Aufgabenstellung werden mit diesen Tests langsam wachsende Bakterien zu sp\u00e4t erfasst. Mit der PCR-Methode k\u00f6nnen diese Bakterien schneller analysiert werden. Sowohl bei der Differenzierung von eng verwandten Arten als auch bei der\u00a0 Quantifizierung von Bakterien mittels eines offiziellen Standards kann die molekulare Analytik die richtige Wahl der Analysen-Methode sein.<\/span><\/p>\n<p><b>PILZE<br \/>\n<span class=\"Apple-style-span\" style=\"font-weight: normal;\">Pilze sind Organismen, die aus mehreren Zellen in Kolonien (Myzel) organisiert sind. Durch Sporenbildung k\u00f6nnen sie sich vermehren. Sporen sind \u00dcberlebensk\u00fcnstler und behalten ihre Lebensf\u00e4higkeit \u00fcber l\u00e4ngere Zeit. Das Wachstum von Pilzen ist in der Regel langsam, so dass klassische mikrobiologische Tests dementsprechend zeitintensiv sind und so oft eine schnelle Diagnostik nicht m\u00f6glich ist. Mit der PCR-Methode (Polymerase Chain Reaction) erh\u00e4lt man oft schneller diagnostische Ergebnisse.<\/span><\/b><\/p>\n<p>Wir analysieren fl\u00fcssige Proben (insbesonders Wasser) auf <i>Desulfovibrio<\/i> (Sulfat-reduzierende Bakterien), <i>Salmonella<\/i>, <i>Fusaria<\/i>,<i> Pseudomonas<br \/>\n<span class=\"Apple-style-span\" style=\"font-style: normal;\">weitere auf Anfrage<\/span><\/i><\/p>\n","protected":false},"excerpt":{"rendered":"<p>BAKTERIEN Bakterien sind Einzeller mit einer einfachen Zell-Organisation. Sie k\u00f6nnen sich schnell replizieren und sind oft omnipr\u00e4sent. Normalerweise werden sie durch die klassische Bakterienkultur-Methode d.h. mit spezifischen Medien typisiert. Diese Tests sind einfach durchzuf\u00fchren und relativ kosteng\u00fcnstig. Je nach Aufgabenstellung werden mit diesen Tests langsam wachsende Bakterien zu sp\u00e4t erfasst. Mit der PCR-Methode k\u00f6nnen diese &hellip; <a href=\"https:\/\/www.biosmart.ch\/de\/analytik\/bakterienpilze\/\" class=\"more-link\"><span class=\"screen-reader-text\">Bakterien\/Pilze<\/span> weiterlesen <span class=\"meta-nav\">&rarr;<\/span><\/a><\/p>\n","protected":false},"author":1,"featured_media":143,"parent":11,"menu_order":4,"comment_status":"closed","ping_status":"open","template":"","meta":[],"_links":{"self":[{"href":"https:\/\/www.biosmart.ch\/de\/wp-json\/wp\/v2\/pages\/61"}],"collection":[{"href":"https:\/\/www.biosmart.ch\/de\/wp-json\/wp\/v2\/pages"}],"about":[{"href":"https:\/\/www.biosmart.ch\/de\/wp-json\/wp\/v2\/types\/page"}],"author":[{"embeddable":true,"href":"https:\/\/www.biosmart.ch\/de\/wp-json\/wp\/v2\/users\/1"}],"replies":[{"embeddable":true,"href":"https:\/\/www.biosmart.ch\/de\/wp-json\/wp\/v2\/comments?post=61"}],"version-history":[{"count":4,"href":"https:\/\/www.biosmart.ch\/de\/wp-json\/wp\/v2\/pages\/61\/revisions"}],"predecessor-version":[{"id":188,"href":"https:\/\/www.biosmart.ch\/de\/wp-json\/wp\/v2\/pages\/61\/revisions\/188"}],"up":[{"embeddable":true,"href":"https:\/\/www.biosmart.ch\/de\/wp-json\/wp\/v2\/pages\/11"}],"wp:featuredmedia":[{"embeddable":true,"href":"https:\/\/www.biosmart.ch\/de\/wp-json\/wp\/v2\/media\/143"}],"wp:attachment":[{"href":"https:\/\/www.biosmart.ch\/de\/wp-json\/wp\/v2\/media?parent=61"}],"curies":[{"name":"wp","href":"https:\/\/api.w.org\/{rel}","templated":true}]}}