{"id":67,"date":"2013-12-27T13:45:35","date_gmt":"2013-12-27T11:45:35","guid":{"rendered":"http:\/\/www.biosmart.ch\/de\/?page_id=67"},"modified":"2017-08-25T12:46:35","modified_gmt":"2017-08-25T10:46:35","slug":"management","status":"publish","type":"page","link":"https:\/\/www.biosmart.ch\/de\/biosmart\/management\/","title":{"rendered":"Management"},"content":{"rendered":"<table width=\"492\" border=\"0\" cellspacing=\"0\" cellpadding=\"0\">\n<tbody>\n<tr align=\"left\" valign=\"top\">\n<td width=\"220\"><img loading=\"lazy\" class=\"alignnone size-full wp-image-217\" alt=\"esti\" src=\"http:\/\/www.biosmart.ch\/de\/wp-content\/uploads\/2013\/12\/esti.jpg\" width=\"167\" height=\"167\" data-id=\"217\" srcset=\"https:\/\/www.biosmart.ch\/de\/wp-content\/uploads\/2013\/12\/esti.jpg 167w, https:\/\/www.biosmart.ch\/de\/wp-content\/uploads\/2013\/12\/esti-150x150.jpg 150w\" sizes=\"(max-width: 167px) 100vw, 167px\" \/><\/td>\n<td width=\"52\"><\/td>\n<td width=\"220\"><a href=\"http:\/\/www.biosmart.ch\/de\/wp-content\/uploads\/2013\/12\/urs1.jpg\"><img loading=\"lazy\" class=\"alignnone size-full wp-image-251\" alt=\"urs\" src=\"http:\/\/www.biosmart.ch\/de\/wp-content\/uploads\/2013\/12\/urs1.jpg\" width=\"167\" height=\"167\" data-id=\"251\" srcset=\"https:\/\/www.biosmart.ch\/de\/wp-content\/uploads\/2013\/12\/urs1.jpg 167w, https:\/\/www.biosmart.ch\/de\/wp-content\/uploads\/2013\/12\/urs1-150x150.jpg 150w\" sizes=\"(max-width: 167px) 100vw, 167px\" \/><\/a><\/td>\n<\/tr>\n<tr align=\"left\" valign=\"top\">\n<td width=\"220\"><b><br \/>\nDr. Esther K\u00f6ppel<br \/>\n<\/b>studierte Lebensmittel-Mikrobiologie an der Universit\u00e4t Bern. W\u00e4hrend ihrer Lizentiats- und Doktorarbeit entwickelte sie u.a. PCR-Systeme zum Nachweis von GVO, Mikroorganismen und Artenunterscheidung. Nachdiplomstudium in \u00f6ffentlichem Recht f\u00fcr Naturwissenschaftler (Uni Bern). Sie leitet Akquisition und F&amp;E.<\/td>\n<td width=\"52\"><\/td>\n<td width=\"220\"><b><br \/>\nDr. Urs Waeber<br \/>\n<\/b>studierte Biochemie an der Universit\u00e4t Bern. Doktorarbeit in molekularbiologischer Parasitologie. Gesch\u00e4fts- und Finanzleiter. Verantwortlich f\u00fcr die Analytik. Dozent f\u00fcr Molekularbiologie und QM (HSW, VLB).<\/td>\n<\/tr>\n<\/tbody>\n<\/table>\n","protected":false},"excerpt":{"rendered":"<p>Dr. Esther K\u00f6ppel studierte Lebensmittel-Mikrobiologie an der Universit\u00e4t Bern. W\u00e4hrend ihrer Lizentiats- und Doktorarbeit entwickelte sie u.a. PCR-Systeme zum Nachweis von GVO, Mikroorganismen und Artenunterscheidung. Nachdiplomstudium in \u00f6ffentlichem Recht f\u00fcr Naturwissenschaftler (Uni Bern). Sie leitet Akquisition und F&amp;E. Dr. Urs Waeber studierte Biochemie an der Universit\u00e4t Bern. Doktorarbeit in molekularbiologischer Parasitologie. Gesch\u00e4fts- und Finanzleiter. Verantwortlich &hellip; <a href=\"https:\/\/www.biosmart.ch\/de\/biosmart\/management\/\" class=\"more-link\"><span class=\"screen-reader-text\">Management<\/span> weiterlesen <span class=\"meta-nav\">&rarr;<\/span><\/a><\/p>\n","protected":false},"author":1,"featured_media":148,"parent":65,"menu_order":0,"comment_status":"closed","ping_status":"open","template":"","meta":[],"_links":{"self":[{"href":"https:\/\/www.biosmart.ch\/de\/wp-json\/wp\/v2\/pages\/67"}],"collection":[{"href":"https:\/\/www.biosmart.ch\/de\/wp-json\/wp\/v2\/pages"}],"about":[{"href":"https:\/\/www.biosmart.ch\/de\/wp-json\/wp\/v2\/types\/page"}],"author":[{"embeddable":true,"href":"https:\/\/www.biosmart.ch\/de\/wp-json\/wp\/v2\/users\/1"}],"replies":[{"embeddable":true,"href":"https:\/\/www.biosmart.ch\/de\/wp-json\/wp\/v2\/comments?post=67"}],"version-history":[{"count":20,"href":"https:\/\/www.biosmart.ch\/de\/wp-json\/wp\/v2\/pages\/67\/revisions"}],"predecessor-version":[{"id":252,"href":"https:\/\/www.biosmart.ch\/de\/wp-json\/wp\/v2\/pages\/67\/revisions\/252"}],"up":[{"embeddable":true,"href":"https:\/\/www.biosmart.ch\/de\/wp-json\/wp\/v2\/pages\/65"}],"wp:featuredmedia":[{"embeddable":true,"href":"https:\/\/www.biosmart.ch\/de\/wp-json\/wp\/v2\/media\/148"}],"wp:attachment":[{"href":"https:\/\/www.biosmart.ch\/de\/wp-json\/wp\/v2\/media?parent=67"}],"curies":[{"name":"wp","href":"https:\/\/api.w.org\/{rel}","templated":true}]}}